{"id":5686,"date":"2019-09-03T10:22:57","date_gmt":"2019-09-03T08:22:57","guid":{"rendered":"http:\/\/www.servijardi.com\/?page_id=5686"},"modified":"2024-03-14T14:03:48","modified_gmt":"2024-03-14T13:03:48","slug":"cesped-artificial","status":"publish","type":"page","link":"https:\/\/www.servijardi.com\/es\/cesped-artificial\/","title":{"rendered":"C\u00e9sped artificial"},"content":{"rendered":"","protected":false},"excerpt":{"rendered":"","protected":false},"author":1,"featured_media":0,"parent":0,"menu_order":0,"comment_status":"closed","ping_status":"closed","template":"","meta":{"ngg_post_thumbnail":0,"footnotes":""},"yoast_head":"<!-- This site is optimized with the Yoast SEO plugin v23.4 - https:\/\/yoast.com\/wordpress\/plugins\/seo\/ -->\n<title>C\u00e9sped artificial - SERVIJARD\u00cd - Dise\u00f1o y mantenimiento de jardines<\/title>\n<meta name=\"description\" content=\"Especialistas en instalaci\u00f3n de todo tipo de c\u00e9sped artificial. Instalaci\u00f3n de c\u00e9sped artificial texturizado para pistas de p\u00e1del. Asesoramiento y dise\u00f1o personalizado. Servijard\u00ed, jardiner\u00eda. Cambrils.\" \/>\n<meta name=\"robots\" content=\"index, follow, max-snippet:-1, max-image-preview:large, max-video-preview:-1\" \/>\n<link rel=\"canonical\" href=\"https:\/\/www.servijardi.com\/es\/cesped-artificial\/\" \/>\n<meta property=\"og:locale\" content=\"es_ES\" \/>\n<meta property=\"og:type\" content=\"article\" \/>\n<meta property=\"og:title\" content=\"C\u00e9sped artificial - SERVIJARD\u00cd - Dise\u00f1o y mantenimiento de jardines\" \/>\n<meta property=\"og:description\" content=\"Especialistas en instalaci\u00f3n de todo tipo de c\u00e9sped artificial. Instalaci\u00f3n de c\u00e9sped artificial texturizado para pistas de p\u00e1del. Asesoramiento y dise\u00f1o personalizado. Servijard\u00ed, jardiner\u00eda. Cambrils.\" \/>\n<meta property=\"og:url\" content=\"https:\/\/www.servijardi.com\/es\/cesped-artificial\/\" \/>\n<meta property=\"og:site_name\" content=\"SERVIJARD\u00cd - Dise\u00f1o y mantenimiento de jardines\" \/>\n<meta property=\"article:modified_time\" content=\"2024-03-14T13:03:48+00:00\" \/>\n<meta name=\"twitter:card\" content=\"summary_large_image\" \/>\n<script type=\"application\/ld+json\" class=\"yoast-schema-graph\">{\"@context\":\"https:\/\/schema.org\",\"@graph\":[{\"@type\":\"WebPage\",\"@id\":\"https:\/\/www.servijardi.com\/es\/cesped-artificial\/\",\"url\":\"https:\/\/www.servijardi.com\/es\/cesped-artificial\/\",\"name\":\"C\u00e9sped artificial - SERVIJARD\u00cd - Dise\u00f1o y mantenimiento de jardines\",\"isPartOf\":{\"@id\":\"https:\/\/www.servijardi.com\/#website\"},\"datePublished\":\"2019-09-03T08:22:57+00:00\",\"dateModified\":\"2024-03-14T13:03:48+00:00\",\"description\":\"Especialistas en instalaci\u00f3n de todo tipo de c\u00e9sped artificial. Instalaci\u00f3n de c\u00e9sped artificial texturizado para pistas de p\u00e1del. Asesoramiento y dise\u00f1o personalizado. Servijard\u00ed, jardiner\u00eda. Cambrils.\",\"breadcrumb\":{\"@id\":\"https:\/\/www.servijardi.com\/es\/cesped-artificial\/#breadcrumb\"},\"inLanguage\":\"es\",\"potentialAction\":[{\"@type\":\"ReadAction\",\"target\":[\"https:\/\/www.servijardi.com\/es\/cesped-artificial\/\"]}]},{\"@type\":\"BreadcrumbList\",\"@id\":\"https:\/\/www.servijardi.com\/es\/cesped-artificial\/#breadcrumb\",\"itemListElement\":[{\"@type\":\"ListItem\",\"position\":1,\"name\":\"Portada\",\"item\":\"https:\/\/www.servijardi.com\/es\/jardineria\/\"},{\"@type\":\"ListItem\",\"position\":2,\"name\":\"C\u00e9sped artificial\"}]},{\"@type\":\"WebSite\",\"@id\":\"https:\/\/www.servijardi.com\/#website\",\"url\":\"https:\/\/www.servijardi.com\/\",\"name\":\"SERVIJARD\u00cd - Dise\u00f1o y mantenimiento de jardines\",\"description\":\"Paisajismo, mantenimiento de jardines, podas...\",\"publisher\":{\"@id\":\"https:\/\/www.servijardi.com\/#organization\"},\"potentialAction\":[{\"@type\":\"SearchAction\",\"target\":{\"@type\":\"EntryPoint\",\"urlTemplate\":\"https:\/\/www.servijardi.com\/?s={search_term_string}\"},\"query-input\":{\"@type\":\"PropertyValueSpecification\",\"valueRequired\":true,\"valueName\":\"search_term_string\"}}],\"inLanguage\":\"es\"},{\"@type\":\"Organization\",\"@id\":\"https:\/\/www.servijardi.com\/#organization\",\"name\":\"SERVIJARDI - Dise\u00f1o y mantenimiento de jardines Cambrils\",\"url\":\"https:\/\/www.servijardi.com\/\",\"logo\":{\"@type\":\"ImageObject\",\"inLanguage\":\"es\",\"@id\":\"https:\/\/www.servijardi.com\/#\/schema\/logo\/image\/\",\"url\":\"https:\/\/www.servijardi.com\/wp-content\/uploads\/logo.jpg\",\"contentUrl\":\"https:\/\/www.servijardi.com\/wp-content\/uploads\/logo.jpg\",\"width\":372,\"height\":109,\"caption\":\"SERVIJARDI - Dise\u00f1o y mantenimiento de jardines Cambrils\"},\"image\":{\"@id\":\"https:\/\/www.servijardi.com\/#\/schema\/logo\/image\/\"}}]}<\/script>\n<!-- \/ Yoast SEO plugin. -->","yoast_head_json":{"title":"C\u00e9sped artificial - SERVIJARD\u00cd - Dise\u00f1o y mantenimiento de jardines","description":"Especialistas en instalaci\u00f3n de todo tipo de c\u00e9sped artificial. Instalaci\u00f3n de c\u00e9sped artificial texturizado para pistas de p\u00e1del. Asesoramiento y dise\u00f1o personalizado. Servijard\u00ed, jardiner\u00eda. Cambrils.","robots":{"index":"index","follow":"follow","max-snippet":"max-snippet:-1","max-image-preview":"max-image-preview:large","max-video-preview":"max-video-preview:-1"},"canonical":"https:\/\/www.servijardi.com\/es\/cesped-artificial\/","og_locale":"es_ES","og_type":"article","og_title":"C\u00e9sped artificial - SERVIJARD\u00cd - Dise\u00f1o y mantenimiento de jardines","og_description":"Especialistas en instalaci\u00f3n de todo tipo de c\u00e9sped artificial. Instalaci\u00f3n de c\u00e9sped artificial texturizado para pistas de p\u00e1del. Asesoramiento y dise\u00f1o personalizado. Servijard\u00ed, jardiner\u00eda. Cambrils.","og_url":"https:\/\/www.servijardi.com\/es\/cesped-artificial\/","og_site_name":"SERVIJARD\u00cd - Dise\u00f1o y mantenimiento de jardines","article_modified_time":"2024-03-14T13:03:48+00:00","twitter_card":"summary_large_image","schema":{"@context":"https:\/\/schema.org","@graph":[{"@type":"WebPage","@id":"https:\/\/www.servijardi.com\/es\/cesped-artificial\/","url":"https:\/\/www.servijardi.com\/es\/cesped-artificial\/","name":"C\u00e9sped artificial - SERVIJARD\u00cd - Dise\u00f1o y mantenimiento de jardines","isPartOf":{"@id":"https:\/\/www.servijardi.com\/#website"},"datePublished":"2019-09-03T08:22:57+00:00","dateModified":"2024-03-14T13:03:48+00:00","description":"Especialistas en instalaci\u00f3n de todo tipo de c\u00e9sped artificial. Instalaci\u00f3n de c\u00e9sped artificial texturizado para pistas de p\u00e1del. Asesoramiento y dise\u00f1o personalizado. Servijard\u00ed, jardiner\u00eda. Cambrils.","breadcrumb":{"@id":"https:\/\/www.servijardi.com\/es\/cesped-artificial\/#breadcrumb"},"inLanguage":"es","potentialAction":[{"@type":"ReadAction","target":["https:\/\/www.servijardi.com\/es\/cesped-artificial\/"]}]},{"@type":"BreadcrumbList","@id":"https:\/\/www.servijardi.com\/es\/cesped-artificial\/#breadcrumb","itemListElement":[{"@type":"ListItem","position":1,"name":"Portada","item":"https:\/\/www.servijardi.com\/es\/jardineria\/"},{"@type":"ListItem","position":2,"name":"C\u00e9sped artificial"}]},{"@type":"WebSite","@id":"https:\/\/www.servijardi.com\/#website","url":"https:\/\/www.servijardi.com\/","name":"SERVIJARD\u00cd - Dise\u00f1o y mantenimiento de jardines","description":"Paisajismo, mantenimiento de jardines, podas...","publisher":{"@id":"https:\/\/www.servijardi.com\/#organization"},"potentialAction":[{"@type":"SearchAction","target":{"@type":"EntryPoint","urlTemplate":"https:\/\/www.servijardi.com\/?s={search_term_string}"},"query-input":{"@type":"PropertyValueSpecification","valueRequired":true,"valueName":"search_term_string"}}],"inLanguage":"es"},{"@type":"Organization","@id":"https:\/\/www.servijardi.com\/#organization","name":"SERVIJARDI - Dise\u00f1o y mantenimiento de jardines Cambrils","url":"https:\/\/www.servijardi.com\/","logo":{"@type":"ImageObject","inLanguage":"es","@id":"https:\/\/www.servijardi.com\/#\/schema\/logo\/image\/","url":"https:\/\/www.servijardi.com\/wp-content\/uploads\/logo.jpg","contentUrl":"https:\/\/www.servijardi.com\/wp-content\/uploads\/logo.jpg","width":372,"height":109,"caption":"SERVIJARDI - Dise\u00f1o y mantenimiento de jardines Cambrils"},"image":{"@id":"https:\/\/www.servijardi.com\/#\/schema\/logo\/image\/"}}]}},"_links":{"self":[{"href":"https:\/\/www.servijardi.com\/es\/wp-json\/wp\/v2\/pages\/5686"}],"collection":[{"href":"https:\/\/www.servijardi.com\/es\/wp-json\/wp\/v2\/pages"}],"about":[{"href":"https:\/\/www.servijardi.com\/es\/wp-json\/wp\/v2\/types\/page"}],"author":[{"embeddable":true,"href":"https:\/\/www.servijardi.com\/es\/wp-json\/wp\/v2\/users\/1"}],"replies":[{"embeddable":true,"href":"https:\/\/www.servijardi.com\/es\/wp-json\/wp\/v2\/comments?post=5686"}],"version-history":[{"count":0,"href":"https:\/\/www.servijardi.com\/es\/wp-json\/wp\/v2\/pages\/5686\/revisions"}],"wp:attachment":[{"href":"https:\/\/www.servijardi.com\/es\/wp-json\/wp\/v2\/media?parent=5686"}],"curies":[{"name":"wp","href":"https:\/\/api.w.org\/{rel}","templated":true}]}}